{"id":3326,"date":"2025-11-10T14:20:53","date_gmt":"2025-11-10T14:20:53","guid":{"rendered":"https:\/\/platfon.turboclic.be\/belgeler\/"},"modified":"2026-02-18T09:27:11","modified_gmt":"2026-02-18T09:27:11","slug":"documents","status":"publish","type":"page","link":"https:\/\/platfon.turboclic.be\/en\/documents\/","title":{"rendered":"Documents"},"content":{"rendered":"\t\t<div data-elementor-type=\"wp-page\" data-elementor-id=\"3326\" class=\"elementor elementor-3326 elementor-2097\" data-elementor-post-type=\"page\">\n\t\t\t\t<div class=\"elementor-element elementor-element-fa0de4d e-con-full e-flex e-con e-parent\" data-id=\"fa0de4d\" data-element_type=\"container\" data-e-type=\"container\">\n\t\t<div class=\"elementor-element elementor-element-5f0fb93 e-con-full anasayfa-urun-alani e-flex e-con e-child\" data-id=\"5f0fb93\" data-element_type=\"container\" data-e-type=\"container\">\n\t\t\t\t<div class=\"elementor-element elementor-element-8fef585 urun-detay-baslik1 elementor-widget elementor-widget-heading\" data-id=\"8fef585\" data-element_type=\"widget\" data-e-type=\"widget\" data-widget_type=\"heading.default\">\n\t\t\t\t<div class=\"elementor-widget-container\">\n\t\t\t\t\t<h1 class=\"elementor-heading-title elementor-size-default\"><span>Documents<\/span><\/h1>\t\t\t\t<\/div>\n\t\t\t\t<\/div>\n\t\t\t\t<div class=\"elementor-element elementor-element-a8ecb8f elementor-icon-list--layout-inline elementor-mobile-align-center custom-terms-list elementor-align-center elementor-list-item-link-full_width elementor-widget elementor-widget-icon-list\" data-id=\"a8ecb8f\" data-element_type=\"widget\" data-e-type=\"widget\" data-widget_type=\"icon-list.default\">\n\t\t\t\t<div class=\"elementor-widget-container\">\n\t\t\t\t\t\t\t<ul class=\"elementor-icon-list-items elementor-inline-items\">\n\t\t\t\t\t\t\t<li class=\"elementor-icon-list-item elementor-inline-item\">\n\t\t\t\t\t\t\t\t\t\t\t<a href=\"\/en\/\">\n\n\t\t\t\t\t\t\t\t\t\t\t<span class=\"elementor-icon-list-text\">Home<\/span>\n\t\t\t\t\t\t\t\t\t\t\t<\/a>\n\t\t\t\t\t\t\t\t\t<\/li>\n\t\t\t\t\t\t\t\t<li class=\"elementor-icon-list-item elementor-inline-item\">\n\t\t\t\t\t\t\t\t\t\t\t<span class=\"elementor-icon-list-icon\">\n\t\t\t\t\t\t\t<i aria-hidden=\"true\" class=\"icon icon-chevron-right\"><\/i>\t\t\t\t\t\t<\/span>\n\t\t\t\t\t\t\t\t\t\t<span class=\"elementor-icon-list-text\"><\/span>\n\t\t\t\t\t\t\t\t\t<\/li>\n\t\t\t\t\t\t<\/ul>\n\t\t\t\t\t\t<\/div>\n\t\t\t\t<\/div>\n\t\t\t\t<\/div>\n\t\t\t\t<\/div>\n\t\t<div class=\"elementor-element elementor-element-e4a554a e-con-full e-flex e-con e-parent\" data-id=\"e4a554a\" data-element_type=\"container\" data-e-type=\"container\">\n\t\t<div class=\"elementor-element elementor-element-2a6ef6a e-con-full anasayfa-urun-alani e-flex e-con e-child\" data-id=\"2a6ef6a\" data-element_type=\"container\" data-e-type=\"container\">\n\t\t\t\t<div class=\"elementor-element elementor-element-018cf02 gallery-spacing-custom elementor-widget elementor-widget-image-gallery\" data-id=\"018cf02\" data-element_type=\"widget\" data-e-type=\"widget\" data-widget_type=\"image-gallery.default\">\n\t\t\t\t<div class=\"elementor-widget-container\">\n\t\t\t\t\t\t\t<div class=\"elementor-image-gallery\">\n\t\t\t<div id='gallery-1' class='gallery galleryid-3326 gallery-columns-4 gallery-size-full'><figure class='gallery-item'>\n\t\t\t<div class='gallery-icon portrait'>\n\t\t\t\t<a data-elementor-open-lightbox=\"yes\" data-elementor-lightbox-slideshow=\"018cf02\" data-elementor-lightbox-title=\"Personel Y\u00fckseltici Platform Yerli Mal\u0131 Belgesi (Makasl\u0131Lift)\" data-elementor-lightbox-description=\"Personel Y\u00fckseltici Platform Yerli Mal\u0131 Belgesi (Makasl\u0131Lift)\" data-e-action-hash=\"#elementor-action%3Aaction%3Dlightbox%26settings%3DeyJpZCI6MzAzNywidXJsIjoiaHR0cHM6XC9cL3BsYXRmb24udHVyYm9jbGljLmJlXC93cC1jb250ZW50XC91cGxvYWRzXC8yMDI1XC8xMVwvQmxnTmFzTVF5MTcxMDIwMjUxNTI2MDgucG5nIiwic2xpZGVzaG93IjoiMDE4Y2YwMiJ9\" href='https:\/\/platfon.turboclic.be\/wp-content\/uploads\/2025\/11\/BlgNasMQy17102025152608.png'><img fetchpriority=\"high\" decoding=\"async\" width=\"666\" height=\"946\" src=\"https:\/\/platfon.turboclic.be\/wp-content\/uploads\/2025\/11\/BlgNasMQy17102025152608.png\" class=\"attachment-full size-full\" alt=\"\" aria-describedby=\"gallery-1-3037\" srcset=\"https:\/\/platfon.turboclic.be\/wp-content\/uploads\/2025\/11\/BlgNasMQy17102025152608.png 666w, https:\/\/platfon.turboclic.be\/wp-content\/uploads\/2025\/11\/BlgNasMQy17102025152608-211x300.png 211w, https:\/\/platfon.turboclic.be\/wp-content\/uploads\/2025\/11\/BlgNasMQy17102025152608-600x852.png 600w\" sizes=\"(max-width: 666px) 100vw, 666px\" \/><\/a>\n\t\t\t<\/div>\n\t\t\t\t<figcaption class='wp-caption-text gallery-caption' id='gallery-1-3037'>\n\t\t\t\tPersonel Y\u00fckseltici Platform Yerli Mal\u0131 Belgesi (Makasl\u0131Lift)\n\t\t\t\t<\/figcaption><\/figure><figure class='gallery-item'>\n\t\t\t<div class='gallery-icon portrait'>\n\t\t\t\t<a data-elementor-open-lightbox=\"yes\" data-elementor-lightbox-slideshow=\"018cf02\" data-elementor-lightbox-title=\"Personel Y\u00fckseltici Platform Yerli Mal\u0131 Belgesi (Makasl\u0131Lift)\" data-elementor-lightbox-description=\"Personel Y\u00fckseltici Platform Yerli Mal\u0131 Belgesi (Makasl\u0131Lift)\" data-e-action-hash=\"#elementor-action%3Aaction%3Dlightbox%26settings%3DeyJpZCI6MzAzOCwidXJsIjoiaHR0cHM6XC9cL3BsYXRmb24udHVyYm9jbGljLmJlXC93cC1jb250ZW50XC91cGxvYWRzXC8yMDI1XC8xMVwvQmxnMDY3dFFrMTcxMDIwMjUxNTI0NTgucG5nIiwic2xpZGVzaG93IjoiMDE4Y2YwMiJ9\" href='https:\/\/platfon.turboclic.be\/wp-content\/uploads\/2025\/11\/Blg067tQk17102025152458.png'><img decoding=\"async\" width=\"669\" height=\"948\" src=\"https:\/\/platfon.turboclic.be\/wp-content\/uploads\/2025\/11\/Blg067tQk17102025152458.png\" class=\"attachment-full size-full\" alt=\"\" aria-describedby=\"gallery-1-3038\" srcset=\"https:\/\/platfon.turboclic.be\/wp-content\/uploads\/2025\/11\/Blg067tQk17102025152458.png 669w, https:\/\/platfon.turboclic.be\/wp-content\/uploads\/2025\/11\/Blg067tQk17102025152458-212x300.png 212w, https:\/\/platfon.turboclic.be\/wp-content\/uploads\/2025\/11\/Blg067tQk17102025152458-600x850.png 600w\" sizes=\"(max-width: 669px) 100vw, 669px\" \/><\/a>\n\t\t\t<\/div>\n\t\t\t\t<figcaption class='wp-caption-text gallery-caption' id='gallery-1-3038'>\n\t\t\t\tPersonel Y\u00fckseltici Platform Yerli Mal\u0131 Belgesi (Makasl\u0131Lift)\n\t\t\t\t<\/figcaption><\/figure><figure class='gallery-item'>\n\t\t\t<div class='gallery-icon portrait'>\n\t\t\t\t<a data-elementor-open-lightbox=\"yes\" data-elementor-lightbox-slideshow=\"018cf02\" data-elementor-lightbox-title=\"Marka Tescil Belgesi\" data-elementor-lightbox-description=\"Marka Tescil Belgesi\" data-e-action-hash=\"#elementor-action%3Aaction%3Dlightbox%26settings%3DeyJpZCI6MzA3OCwidXJsIjoiaHR0cHM6XC9cL3BsYXRmb24udHVyYm9jbGljLmJlXC93cC1jb250ZW50XC91cGxvYWRzXC8yMDI1XC8xMVwvTWFya2EtVGVzY2lsLUJlbGdlc2kud2VicCIsInNsaWRlc2hvdyI6IjAxOGNmMDIifQ%3D%3D\" href='https:\/\/platfon.turboclic.be\/wp-content\/uploads\/2025\/11\/Marka-Tescil-Belgesi.webp'><img decoding=\"async\" width=\"390\" height=\"500\" src=\"https:\/\/platfon.turboclic.be\/wp-content\/uploads\/2025\/11\/Marka-Tescil-Belgesi.webp\" class=\"attachment-full size-full\" alt=\"\" aria-describedby=\"gallery-1-3078\" srcset=\"https:\/\/platfon.turboclic.be\/wp-content\/uploads\/2025\/11\/Marka-Tescil-Belgesi.webp 390w, https:\/\/platfon.turboclic.be\/wp-content\/uploads\/2025\/11\/Marka-Tescil-Belgesi-234x300.webp 234w\" sizes=\"(max-width: 390px) 100vw, 390px\" \/><\/a>\n\t\t\t<\/div>\n\t\t\t\t<figcaption class='wp-caption-text gallery-caption' id='gallery-1-3078'>\n\t\t\t\tMarka Tescil Belgesi\n\t\t\t\t<\/figcaption><\/figure><figure class='gallery-item'>\n\t\t\t<div class='gallery-icon portrait'>\n\t\t\t\t<a data-elementor-open-lightbox=\"yes\" data-elementor-lightbox-slideshow=\"018cf02\" data-elementor-lightbox-title=\"Personel Y\u00fckseltici Platform(Elektrikli Makasl\u0131)ME312\" data-elementor-lightbox-description=\"Personel Y\u00fckseltici Platform(Elektrikli Makasl\u0131)ME312\" data-e-action-hash=\"#elementor-action%3Aaction%3Dlightbox%26settings%3DeyJpZCI6MzAyOCwidXJsIjoiaHR0cHM6XC9cL3BsYXRmb24udHVyYm9jbGljLmJlXC93cC1jb250ZW50XC91cGxvYWRzXC8yMDI1XC8xMVwvOS5qcGciLCJzbGlkZXNob3ciOiIwMThjZjAyIn0%3D\" href='https:\/\/platfon.turboclic.be\/wp-content\/uploads\/2025\/11\/9.jpg'><img loading=\"lazy\" decoding=\"async\" width=\"390\" height=\"500\" src=\"https:\/\/platfon.turboclic.be\/wp-content\/uploads\/2025\/11\/9.jpg\" class=\"attachment-full size-full\" alt=\"\" aria-describedby=\"gallery-1-3028\" srcset=\"https:\/\/platfon.turboclic.be\/wp-content\/uploads\/2025\/11\/9.jpg 390w, https:\/\/platfon.turboclic.be\/wp-content\/uploads\/2025\/11\/9-234x300.jpg 234w\" sizes=\"(max-width: 390px) 100vw, 390px\" \/><\/a>\n\t\t\t<\/div>\n\t\t\t\t<figcaption class='wp-caption-text gallery-caption' id='gallery-1-3028'>\n\t\t\t\tPersonel Y\u00fckseltici Platform(Elektrikli Makasl\u0131)ME312\n\t\t\t\t<\/figcaption><\/figure><figure class='gallery-item'>\n\t\t\t<div class='gallery-icon portrait'>\n\t\t\t\t<a data-elementor-open-lightbox=\"yes\" data-elementor-lightbox-slideshow=\"018cf02\" data-elementor-lightbox-title=\"PLATFORMDER \u00dcyelik Belgesi\" data-elementor-lightbox-description=\"PLATFORMDER \u00dcyelik Belgesi\" data-e-action-hash=\"#elementor-action%3Aaction%3Dlightbox%26settings%3DeyJpZCI6MzAyNywidXJsIjoiaHR0cHM6XC9cL3BsYXRmb24udHVyYm9jbGljLmJlXC93cC1jb250ZW50XC91cGxvYWRzXC8yMDI1XC8xMVwvMTAuanBnIiwic2xpZGVzaG93IjoiMDE4Y2YwMiJ9\" href='https:\/\/platfon.turboclic.be\/wp-content\/uploads\/2025\/11\/10.jpg'><img loading=\"lazy\" decoding=\"async\" width=\"390\" height=\"500\" src=\"https:\/\/platfon.turboclic.be\/wp-content\/uploads\/2025\/11\/10.jpg\" class=\"attachment-full size-full\" alt=\"\" aria-describedby=\"gallery-1-3027\" srcset=\"https:\/\/platfon.turboclic.be\/wp-content\/uploads\/2025\/11\/10.jpg 390w, https:\/\/platfon.turboclic.be\/wp-content\/uploads\/2025\/11\/10-234x300.jpg 234w\" sizes=\"(max-width: 390px) 100vw, 390px\" \/><\/a>\n\t\t\t<\/div>\n\t\t\t\t<figcaption class='wp-caption-text gallery-caption' id='gallery-1-3027'>\n\t\t\t\tPLATFORMDER \u00dcyelik Belgesi\n\t\t\t\t<\/figcaption><\/figure><figure class='gallery-item'>\n\t\t\t<div class='gallery-icon portrait'>\n\t\t\t\t<a data-elementor-open-lightbox=\"yes\" data-elementor-lightbox-slideshow=\"018cf02\" data-elementor-lightbox-title=\"ISO 3834-2-2021\" data-elementor-lightbox-description=\"ISO 3834-2-2021\n\" data-e-action-hash=\"#elementor-action%3Aaction%3Dlightbox%26settings%3DeyJpZCI6MzAzNSwidXJsIjoiaHR0cHM6XC9cL3BsYXRmb24udHVyYm9jbGljLmJlXC93cC1jb250ZW50XC91cGxvYWRzXC8yMDI1XC8xMVwvMi5qcGciLCJzbGlkZXNob3ciOiIwMThjZjAyIn0%3D\" href='https:\/\/platfon.turboclic.be\/wp-content\/uploads\/2025\/11\/2.jpg'><img loading=\"lazy\" decoding=\"async\" width=\"390\" height=\"500\" src=\"https:\/\/platfon.turboclic.be\/wp-content\/uploads\/2025\/11\/2.jpg\" class=\"attachment-full size-full\" alt=\"\" aria-describedby=\"gallery-1-3035\" srcset=\"https:\/\/platfon.turboclic.be\/wp-content\/uploads\/2025\/11\/2.jpg 390w, https:\/\/platfon.turboclic.be\/wp-content\/uploads\/2025\/11\/2-234x300.jpg 234w\" sizes=\"(max-width: 390px) 100vw, 390px\" \/><\/a>\n\t\t\t<\/div>\n\t\t\t\t<figcaption class='wp-caption-text gallery-caption' id='gallery-1-3035'>\n\t\t\t\tISO 3834-2-2021\n\n\t\t\t\t<\/figcaption><\/figure><figure class='gallery-item'>\n\t\t\t<div class='gallery-icon portrait'>\n\t\t\t\t<a data-elementor-open-lightbox=\"yes\" data-elementor-lightbox-slideshow=\"018cf02\" data-elementor-lightbox-title=\"ISO 9001:2015\" data-elementor-lightbox-description=\"ISO 9001:2015\" data-e-action-hash=\"#elementor-action%3Aaction%3Dlightbox%26settings%3DeyJpZCI6MzAzNCwidXJsIjoiaHR0cHM6XC9cL3BsYXRmb24udHVyYm9jbGljLmJlXC93cC1jb250ZW50XC91cGxvYWRzXC8yMDI1XC8xMVwvMy5qcGciLCJzbGlkZXNob3ciOiIwMThjZjAyIn0%3D\" href='https:\/\/platfon.turboclic.be\/wp-content\/uploads\/2025\/11\/3.jpg'><img loading=\"lazy\" decoding=\"async\" width=\"390\" height=\"500\" src=\"https:\/\/platfon.turboclic.be\/wp-content\/uploads\/2025\/11\/3.jpg\" class=\"attachment-full size-full\" alt=\"\" aria-describedby=\"gallery-1-3034\" srcset=\"https:\/\/platfon.turboclic.be\/wp-content\/uploads\/2025\/11\/3.jpg 390w, https:\/\/platfon.turboclic.be\/wp-content\/uploads\/2025\/11\/3-234x300.jpg 234w\" sizes=\"(max-width: 390px) 100vw, 390px\" \/><\/a>\n\t\t\t<\/div>\n\t\t\t\t<figcaption class='wp-caption-text gallery-caption' id='gallery-1-3034'>\n\t\t\t\tISO 9001:2015\n\t\t\t\t<\/figcaption><\/figure><figure class='gallery-item'>\n\t\t\t<div class='gallery-icon portrait'>\n\t\t\t\t<a data-elementor-open-lightbox=\"yes\" data-elementor-lightbox-slideshow=\"018cf02\" data-elementor-lightbox-title=\"Oparat\u00f6r E\u011fitim Belgesi\" data-elementor-lightbox-description=\"Oparat\u00f6r E\u011fitim Belgesi\" data-e-action-hash=\"#elementor-action%3Aaction%3Dlightbox%26settings%3DeyJpZCI6MzAzMywidXJsIjoiaHR0cHM6XC9cL3BsYXRmb24udHVyYm9jbGljLmJlXC93cC1jb250ZW50XC91cGxvYWRzXC8yMDI1XC8xMVwvNC5qcGciLCJzbGlkZXNob3ciOiIwMThjZjAyIn0%3D\" href='https:\/\/platfon.turboclic.be\/wp-content\/uploads\/2025\/11\/4.jpg'><img loading=\"lazy\" decoding=\"async\" width=\"390\" height=\"500\" src=\"https:\/\/platfon.turboclic.be\/wp-content\/uploads\/2025\/11\/4.jpg\" class=\"attachment-full size-full\" alt=\"\" aria-describedby=\"gallery-1-3033\" srcset=\"https:\/\/platfon.turboclic.be\/wp-content\/uploads\/2025\/11\/4.jpg 390w, https:\/\/platfon.turboclic.be\/wp-content\/uploads\/2025\/11\/4-234x300.jpg 234w\" sizes=\"(max-width: 390px) 100vw, 390px\" \/><\/a>\n\t\t\t<\/div>\n\t\t\t\t<figcaption class='wp-caption-text gallery-caption' id='gallery-1-3033'>\n\t\t\t\tOparat\u00f6r E\u011fitim Belgesi\n\t\t\t\t<\/figcaption><\/figure><figure class='gallery-item'>\n\t\t\t<div class='gallery-icon portrait'>\n\t\t\t\t<a data-elementor-open-lightbox=\"yes\" data-elementor-lightbox-slideshow=\"018cf02\" data-elementor-lightbox-title=\"Personel Y\u00fckseltici Platform(Dikey)ME313\" data-elementor-lightbox-description=\"Personel Y\u00fckseltici Platform(Dikey)ME313\" data-e-action-hash=\"#elementor-action%3Aaction%3Dlightbox%26settings%3DeyJpZCI6MzAzMiwidXJsIjoiaHR0cHM6XC9cL3BsYXRmb24udHVyYm9jbGljLmJlXC93cC1jb250ZW50XC91cGxvYWRzXC8yMDI1XC8xMVwvNS5qcGciLCJzbGlkZXNob3ciOiIwMThjZjAyIn0%3D\" href='https:\/\/platfon.turboclic.be\/wp-content\/uploads\/2025\/11\/5.jpg'><img loading=\"lazy\" decoding=\"async\" width=\"390\" height=\"500\" src=\"https:\/\/platfon.turboclic.be\/wp-content\/uploads\/2025\/11\/5.jpg\" class=\"attachment-full size-full\" alt=\"\" aria-describedby=\"gallery-1-3032\" srcset=\"https:\/\/platfon.turboclic.be\/wp-content\/uploads\/2025\/11\/5.jpg 390w, https:\/\/platfon.turboclic.be\/wp-content\/uploads\/2025\/11\/5-234x300.jpg 234w\" sizes=\"(max-width: 390px) 100vw, 390px\" \/><\/a>\n\t\t\t<\/div>\n\t\t\t\t<figcaption class='wp-caption-text gallery-caption' id='gallery-1-3032'>\n\t\t\t\tPersonel Y\u00fckseltici Platform(Dikey)ME313\n\t\t\t\t<\/figcaption><\/figure><figure class='gallery-item'>\n\t\t\t<div class='gallery-icon portrait'>\n\t\t\t\t<a data-elementor-open-lightbox=\"yes\" data-elementor-lightbox-slideshow=\"018cf02\" data-elementor-lightbox-title=\"Personel Y\u00fckseltici Platform(Dizel Makasl\u0131)ME314\" data-elementor-lightbox-description=\"Personel Y\u00fckseltici Platform(Dizel Makasl\u0131)ME314\" data-e-action-hash=\"#elementor-action%3Aaction%3Dlightbox%26settings%3DeyJpZCI6MzAzMSwidXJsIjoiaHR0cHM6XC9cL3BsYXRmb24udHVyYm9jbGljLmJlXC93cC1jb250ZW50XC91cGxvYWRzXC8yMDI1XC8xMVwvNi5qcGciLCJzbGlkZXNob3ciOiIwMThjZjAyIn0%3D\" href='https:\/\/platfon.turboclic.be\/wp-content\/uploads\/2025\/11\/6.jpg'><img loading=\"lazy\" decoding=\"async\" width=\"390\" height=\"500\" src=\"https:\/\/platfon.turboclic.be\/wp-content\/uploads\/2025\/11\/6.jpg\" class=\"attachment-full size-full\" alt=\"\" aria-describedby=\"gallery-1-3031\" srcset=\"https:\/\/platfon.turboclic.be\/wp-content\/uploads\/2025\/11\/6.jpg 390w, https:\/\/platfon.turboclic.be\/wp-content\/uploads\/2025\/11\/6-234x300.jpg 234w\" sizes=\"(max-width: 390px) 100vw, 390px\" \/><\/a>\n\t\t\t<\/div>\n\t\t\t\t<figcaption class='wp-caption-text gallery-caption' id='gallery-1-3031'>\n\t\t\t\tPersonel Y\u00fckseltici Platform(Dizel Makasl\u0131)ME314\n\t\t\t\t<\/figcaption><\/figure><figure class='gallery-item'>\n\t\t\t<div class='gallery-icon portrait'>\n\t\t\t\t<a data-elementor-open-lightbox=\"yes\" data-elementor-lightbox-slideshow=\"018cf02\" data-elementor-lightbox-title=\"Personel Y\u00fckseltici Platform(Eklemli Bom)ME311\" data-elementor-lightbox-description=\"Personel Y\u00fckseltici Platform(Eklemli Bom)ME311\" data-e-action-hash=\"#elementor-action%3Aaction%3Dlightbox%26settings%3DeyJpZCI6MzAzMCwidXJsIjoiaHR0cHM6XC9cL3BsYXRmb24udHVyYm9jbGljLmJlXC93cC1jb250ZW50XC91cGxvYWRzXC8yMDI1XC8xMVwvNy5qcGciLCJzbGlkZXNob3ciOiIwMThjZjAyIn0%3D\" href='https:\/\/platfon.turboclic.be\/wp-content\/uploads\/2025\/11\/7.jpg'><img loading=\"lazy\" decoding=\"async\" width=\"390\" height=\"500\" src=\"https:\/\/platfon.turboclic.be\/wp-content\/uploads\/2025\/11\/7.jpg\" class=\"attachment-full size-full\" alt=\"\" aria-describedby=\"gallery-1-3030\" srcset=\"https:\/\/platfon.turboclic.be\/wp-content\/uploads\/2025\/11\/7.jpg 390w, https:\/\/platfon.turboclic.be\/wp-content\/uploads\/2025\/11\/7-234x300.jpg 234w\" sizes=\"(max-width: 390px) 100vw, 390px\" \/><\/a>\n\t\t\t<\/div>\n\t\t\t\t<figcaption class='wp-caption-text gallery-caption' id='gallery-1-3030'>\n\t\t\t\tPersonel Y\u00fckseltici Platform(Eklemli Bom)ME311\n\t\t\t\t<\/figcaption><\/figure><figure class='gallery-item'>\n\t\t\t<div class='gallery-icon portrait'>\n\t\t\t\t<a data-elementor-open-lightbox=\"yes\" data-elementor-lightbox-slideshow=\"018cf02\" data-elementor-lightbox-title=\"Personel Y\u00fckseltici Platform(El ile itmeli)ME315\" data-elementor-lightbox-description=\"Personel Y\u00fckseltici Platform(El ile itmeli)ME315\n\" data-e-action-hash=\"#elementor-action%3Aaction%3Dlightbox%26settings%3DeyJpZCI6MzAyOSwidXJsIjoiaHR0cHM6XC9cL3BsYXRmb24udHVyYm9jbGljLmJlXC93cC1jb250ZW50XC91cGxvYWRzXC8yMDI1XC8xMVwvOC5qcGciLCJzbGlkZXNob3ciOiIwMThjZjAyIn0%3D\" href='https:\/\/platfon.turboclic.be\/wp-content\/uploads\/2025\/11\/8.jpg'><img loading=\"lazy\" decoding=\"async\" width=\"390\" height=\"500\" src=\"https:\/\/platfon.turboclic.be\/wp-content\/uploads\/2025\/11\/8.jpg\" class=\"attachment-full size-full\" alt=\"\" aria-describedby=\"gallery-1-3029\" srcset=\"https:\/\/platfon.turboclic.be\/wp-content\/uploads\/2025\/11\/8.jpg 390w, https:\/\/platfon.turboclic.be\/wp-content\/uploads\/2025\/11\/8-234x300.jpg 234w\" sizes=\"(max-width: 390px) 100vw, 390px\" \/><\/a>\n\t\t\t<\/div>\n\t\t\t\t<figcaption class='wp-caption-text gallery-caption' id='gallery-1-3029'>\n\t\t\t\tPersonel Y\u00fckseltici Platform(El ile itmeli)ME315\n\n\t\t\t\t<\/figcaption><\/figure>\n\t\t<\/div>\n\t\t<\/div>\n\t\t\t\t\t\t<\/div>\n\t\t\t\t<\/div>\n\t\t\t\t<\/div>\n\t\t\t\t<\/div>\n\t\t\t\t<\/div>\n\t\t","protected":false},"excerpt":{"rendered":"<p>Documents Home Personel Y\u00fckseltici Platform Yerli Mal\u0131 Belgesi (Makasl\u0131Lift) Personel Y\u00fckseltici Platform Yerli Mal\u0131 Belgesi (Makasl\u0131Lift) Marka Tescil Belgesi Personel Y\u00fckseltici Platform(Elektrikli Makasl\u0131)ME312 PLATFORMDER \u00dcyelik Belgesi ISO 3834-2-2021 ISO 9001:2015 Oparat\u00f6r E\u011fitim Belgesi Personel Y\u00fckseltici Platform(Dikey)ME313 Personel Y\u00fckseltici Platform(Dizel Makasl\u0131)ME314 Personel Y\u00fckseltici Platform(Eklemli Bom)ME311 Personel Y\u00fckseltici Platform(El ile itmeli)ME315<\/p>\n","protected":false},"author":1,"featured_media":0,"parent":0,"menu_order":0,"comment_status":"closed","ping_status":"closed","template":"","meta":{"_acf_changed":false,"footnotes":""},"class_list":["post-3326","page","type-page","status-publish","hentry"],"acf":[],"_links":{"self":[{"href":"https:\/\/platfon.turboclic.be\/en\/wp-json\/wp\/v2\/pages\/3326","targetHints":{"allow":["GET"]}}],"collection":[{"href":"https:\/\/platfon.turboclic.be\/en\/wp-json\/wp\/v2\/pages"}],"about":[{"href":"https:\/\/platfon.turboclic.be\/en\/wp-json\/wp\/v2\/types\/page"}],"author":[{"embeddable":true,"href":"https:\/\/platfon.turboclic.be\/en\/wp-json\/wp\/v2\/users\/1"}],"replies":[{"embeddable":true,"href":"https:\/\/platfon.turboclic.be\/en\/wp-json\/wp\/v2\/comments?post=3326"}],"version-history":[{"count":5,"href":"https:\/\/platfon.turboclic.be\/en\/wp-json\/wp\/v2\/pages\/3326\/revisions"}],"predecessor-version":[{"id":3331,"href":"https:\/\/platfon.turboclic.be\/en\/wp-json\/wp\/v2\/pages\/3326\/revisions\/3331"}],"wp:attachment":[{"href":"https:\/\/platfon.turboclic.be\/en\/wp-json\/wp\/v2\/media?parent=3326"}],"curies":[{"name":"wp","href":"https:\/\/api.w.org\/{rel}","templated":true}]}}